{"id":676,"date":"2020-04-13T11:20:18","date_gmt":"2020-04-13T09:20:18","guid":{"rendered":"https:\/\/www.hubert-distler.de\/?page_id=676"},"modified":"2021-07-15T14:54:12","modified_gmt":"2021-07-15T12:54:12","slug":"werk","status":"publish","type":"page","link":"https:\/\/www.hubert-distler.de\/index.php\/werk\/","title":{"rendered":"Werk"},"content":{"rendered":"\n<div class=\"wp-block-columns has-2-columns is-layout-flex wp-container-core-columns-is-layout-1 wp-block-columns-is-layout-flex\">\n<div class=\"wp-block-column is-layout-flow wp-block-column-is-layout-flow\">\n<div class=\"wp-block-cover\"><img loading=\"lazy\" decoding=\"async\" width=\"2151\" height=\"3124\" class=\"wp-block-cover__image-background wp-image-379\" alt=\"\" src=\"http:\/\/test.hubertdistler.de\/wp-content\/uploads\/2018\/10\/IMG_2136.jpg\" data-object-fit=\"cover\" srcset=\"https:\/\/www.hubert-distler.de\/wp-content\/uploads\/2018\/10\/IMG_2136.jpg 2151w, https:\/\/www.hubert-distler.de\/wp-content\/uploads\/2018\/10\/IMG_2136-207x300.jpg 207w, https:\/\/www.hubert-distler.de\/wp-content\/uploads\/2018\/10\/IMG_2136-768x1115.jpg 768w, https:\/\/www.hubert-distler.de\/wp-content\/uploads\/2018\/10\/IMG_2136-705x1024.jpg 705w\" sizes=\"auto, (max-width: 767px) 89vw, (max-width: 1000px) 54vw, (max-width: 1071px) 543px, 580px\" \/><div class=\"wp-block-cover__inner-container is-layout-flow wp-block-cover-is-layout-flow\">\n<p class=\"has-text-align-center has-large-font-size\"><\/p>\n<\/div><\/div>\n<\/div>\n\n\n\n<div class=\"wp-block-column is-layout-flow wp-block-column-is-layout-flow\">\n<h2 class=\"wp-block-heading\">Auftragskunst<\/h2>\n\n\n\n<p>Zu Hubert Distlers Werk z\u00e4hlen eine Vielzahl an Arbeiten in evangelischen Kirchen und anderen Einrichtungen.<\/p>\n\n\n\n<p>Dabei wurde Distler meist f\u00fcr die Wandgestaltung oder Glasmalerei beauftragt, aber auch Textilentwurf, Liturgisches Ger\u00e4t und Plastik geh\u00f6ren zu seinem Werk.<\/p>\n\n\n\n<p>Hier finden Sie ein <a href=\"http:\/\/test.hubertdistler.de\/?page_id=725\">ausf\u00fchrliches Werksverzeichnis<\/a> von Distlers Auftragskunst.<\/p>\n<\/div>\n<\/div>\n\n\n\n<div class=\"wp-block-columns has-2-columns is-layout-flex wp-container-core-columns-is-layout-2 wp-block-columns-is-layout-flex\">\n<div class=\"wp-block-column is-layout-flow wp-block-column-is-layout-flow\">\n<div class=\"wp-block-cover\"><img loading=\"lazy\" decoding=\"async\" width=\"3339\" height=\"2303\" class=\"wp-block-cover__image-background wp-image-618\" alt=\"\" src=\"http:\/\/test.hubertdistler.de\/wp-content\/uploads\/2019\/09\/IMG_2139.jpg\" data-object-fit=\"cover\" srcset=\"https:\/\/www.hubert-distler.de\/wp-content\/uploads\/2019\/09\/IMG_2139.jpg 3339w, https:\/\/www.hubert-distler.de\/wp-content\/uploads\/2019\/09\/IMG_2139-300x207.jpg 300w, https:\/\/www.hubert-distler.de\/wp-content\/uploads\/2019\/09\/IMG_2139-768x530.jpg 768w, https:\/\/www.hubert-distler.de\/wp-content\/uploads\/2019\/09\/IMG_2139-1024x706.jpg 1024w\" sizes=\"auto, (max-width: 767px) 89vw, (max-width: 1000px) 54vw, (max-width: 1071px) 543px, 580px\" \/><div class=\"wp-block-cover__inner-container is-layout-flow wp-block-cover-is-layout-flow\">\n<p class=\"has-text-align-center has-large-font-size\"><\/p>\n<\/div><\/div>\n<\/div>\n\n\n\n<div class=\"wp-block-column is-layout-flow wp-block-column-is-layout-flow\">\n<h2 class=\"wp-block-heading\">Ausstellungen<\/h2>\n\n\n\n<p>Hubert Distlers Kunstwerke waren &nbsp;in insgesamt \u00fcber 100 Ausstellungen zu sehen. Darunter auch international zum Beispiel in Italien,&nbsp;Frankreich, den USA und Indien.<\/p>\n\n\n\n<p>Hier finden Sie ein&nbsp;<a href=\"http:\/\/test.hubertdistler.de\/?page_id=624\">ausf\u00fchrliches Ausstellungsverzeichnis<\/a>.<\/p>\n\n\n\n<p><em>Foto: Hubert Distler (2. v. r.) und Richard von Weizs\u00e4cker (2. v. l.) bei einer Ausstellungser\u00f6ffnung in Bad T\u00f6lz; Fotograf unbekannt. <\/em><\/p>\n<\/div>\n<\/div>\n\n\n\n<div class=\"wp-block-columns has-2-columns is-layout-flex wp-container-core-columns-is-layout-3 wp-block-columns-is-layout-flex\">\n<div class=\"wp-block-column is-layout-flow wp-block-column-is-layout-flow\">\n<div class=\"wp-block-cover\"><img loading=\"lazy\" decoding=\"async\" width=\"3482\" height=\"2346\" class=\"wp-block-cover__image-background wp-image-415\" alt=\"\" src=\"http:\/\/test.hubertdistler.de\/wp-content\/uploads\/2018\/10\/IMG_2140.jpeg\" data-object-fit=\"cover\" srcset=\"https:\/\/www.hubert-distler.de\/wp-content\/uploads\/2018\/10\/IMG_2140.jpeg 3482w, https:\/\/www.hubert-distler.de\/wp-content\/uploads\/2018\/10\/IMG_2140-300x202.jpeg 300w, https:\/\/www.hubert-distler.de\/wp-content\/uploads\/2018\/10\/IMG_2140-768x517.jpeg 768w, https:\/\/www.hubert-distler.de\/wp-content\/uploads\/2018\/10\/IMG_2140-1024x690.jpeg 1024w\" sizes=\"auto, (max-width: 767px) 89vw, (max-width: 1000px) 54vw, (max-width: 1071px) 543px, 580px\" \/><div class=\"wp-block-cover__inner-container is-layout-flow wp-block-cover-is-layout-flow\">\n<p class=\"has-text-align-center has-large-font-size\"><\/p>\n<\/div><\/div>\n\n\n\n<p><\/p>\n<\/div>\n\n\n\n<div class=\"wp-block-column is-layout-flow wp-block-column-is-layout-flow\">\n<h2 class=\"wp-block-heading\">Freie Kunst<\/h2>\n\n\n\n<p>Zu Hubert Distlers Werk z\u00e4hlen auch eine Vielzahl an Grafiken, Reiseskizzen und \u00d6lbildern.<\/p>\n\n\n\n<p>Eine Auswahl an Distlers Freier Kunst finden Sie in der <a href=\"http:\/\/test.hubertdistler.de\/?page_id=56\">Galerie<\/a>.<\/p>\n<\/div>\n<\/div>\n","protected":false},"excerpt":{"rendered":"<p>Auftragskunst Zu Hubert Distlers Werk z\u00e4hlen eine Vielzahl an Arbeiten in evangelischen Kirchen und anderen Einrichtungen. Dabei wurde Distler meist f\u00fcr die Wandgestaltung oder Glasmalerei beauftragt, aber auch Textilentwurf, Liturgisches Ger\u00e4t und Plastik geh\u00f6ren zu seinem Werk. Hier finden Sie ein ausf\u00fchrliches Werksverzeichnis von Distlers Auftragskunst. Ausstellungen Hubert Distlers Kunstwerke waren &nbsp;in insgesamt \u00fcber 100 &hellip; <\/p>\n<p class=\"link-more\"><a href=\"https:\/\/www.hubert-distler.de\/index.php\/werk\/\" class=\"more-link\"><span class=\"screen-reader-text\">\u201eWerk\u201c<\/span> weiterlesen<\/a><\/p>\n","protected":false},"author":1,"featured_media":0,"parent":0,"menu_order":0,"comment_status":"closed","ping_status":"closed","template":"","meta":{"footnotes":""},"class_list":["post-676","page","type-page","status-publish","hentry"],"_links":{"self":[{"href":"https:\/\/www.hubert-distler.de\/index.php\/wp-json\/wp\/v2\/pages\/676","targetHints":{"allow":["GET"]}}],"collection":[{"href":"https:\/\/www.hubert-distler.de\/index.php\/wp-json\/wp\/v2\/pages"}],"about":[{"href":"https:\/\/www.hubert-distler.de\/index.php\/wp-json\/wp\/v2\/types\/page"}],"author":[{"embeddable":true,"href":"https:\/\/www.hubert-distler.de\/index.php\/wp-json\/wp\/v2\/users\/1"}],"replies":[{"embeddable":true,"href":"https:\/\/www.hubert-distler.de\/index.php\/wp-json\/wp\/v2\/comments?post=676"}],"version-history":[{"count":49,"href":"https:\/\/www.hubert-distler.de\/index.php\/wp-json\/wp\/v2\/pages\/676\/revisions"}],"predecessor-version":[{"id":821,"href":"https:\/\/www.hubert-distler.de\/index.php\/wp-json\/wp\/v2\/pages\/676\/revisions\/821"}],"wp:attachment":[{"href":"https:\/\/www.hubert-distler.de\/index.php\/wp-json\/wp\/v2\/media?parent=676"}],"curies":[{"name":"wp","href":"https:\/\/api.w.org\/{rel}","templated":true}]}}