{"id":624,"date":"2019-09-19T11:19:26","date_gmt":"2019-09-19T09:19:26","guid":{"rendered":"https:\/\/www.hubert-distler.de\/?page_id=624"},"modified":"2022-01-24T09:45:10","modified_gmt":"2022-01-24T08:45:10","slug":"ausstellungsverzeichnis","status":"publish","type":"page","link":"https:\/\/www.hubert-distler.de\/index.php\/ausstellungsverzeichnis\/","title":{"rendered":"Ausstellungsverzeichnis"},"content":{"rendered":"\n<figure class=\"wp-block-table\"><table><tbody><tr><td><strong>Jahr<\/strong><\/td><td><strong>Ort<\/strong><\/td><td><strong>Titel\/Adresse<\/strong><\/td><td><strong>Galerie\/Museum<\/strong><\/td><\/tr><tr><td>1947<\/td><td>Schongau<\/td><td>Kulturwoche<\/td><td>&nbsp;<\/td><\/tr><tr><td>1949<\/td><td>Schongau<\/td><td>&nbsp;<\/td><td>&nbsp;<\/td><\/tr><tr><td>1951<\/td><td>M\u00fcnchen<\/td><td>Gro\u00dfe Kunstausstellung<\/td><td>&nbsp;<\/td><\/tr><tr><td>1952<\/td><td>M\u00fcnchen<\/td><td>Gro\u00dfe Kunstausstellung<\/td><td>&nbsp;<\/td><\/tr><tr><td>1953<\/td><td>M\u00fcnchen<\/td><td>Gro\u00dfe M\u00fcnchener<\/td><td>Haus der Kunst<\/td><\/tr><tr><td>1953<\/td><td>M\u00fcnchen<\/td><td>Graphiken<\/td><td>Galerie Gurlitt<\/td><\/tr><tr><td>1953<\/td><td>Italien, Milan<\/td><td>Exposition Internationale des Academies des Beaux Arts<\/td><td>&nbsp;<\/td><\/tr><tr><td>1954<\/td><td>M\u00fcnchen<\/td><td>Gro\u00dfe Kunstausstellung<\/td><td>&nbsp;<\/td><\/tr><tr><td>1954<\/td><td>Traunstein<\/td><td>Weihnachtsausstellung des \u201eroter reiter\u201c<\/td><td>&nbsp;<\/td><\/tr><tr><td>1954<\/td><td>M\u00fcnchen<\/td><td>M\u00fcnchener Maler sehen Spanien<\/td><td>St\u00e4dt. Galerie<\/td><\/tr><tr><td>1955<\/td><td>M\u00fcnchen<\/td><td>Gro\u00dfe Kunstausstellung<\/td><td>&nbsp;<\/td><\/tr><tr><td>1957<\/td><td>M\u00fcnchen<\/td><td>Hubert Distler<\/td><td>Kunstverein<\/td><\/tr><tr><td>1957<\/td><td>M\u00fcnchen<\/td><td>Gro\u00dfe Kunstausstellung<\/td><td>&nbsp;<\/td><\/tr><tr><td>1958<\/td><td>M\u00fcnchen<\/td><td>Bild und Gleichnis<\/td><td>Stadtmuseum<\/td><\/tr><tr><td>1958<\/td><td>M\u00fcnchen<\/td><td>M\u00fcnchner K\u00fcnstler 1958<\/td><td>Kunstverein<\/td><\/tr><tr><td>1958<\/td><td>M\u00fcnchen<\/td><td>Gro\u00dfe Kunstausstellung<\/td><td>&nbsp;<\/td><\/tr><tr><td>1958<\/td><td>Italien, Rom<\/td><td>Ausstellung M\u00fcnchner K\u00fcnstler<\/td><td>&nbsp;<\/td><\/tr><tr><td>1958<\/td><td>Berlin<\/td><td>Jahresausstellung Deutsche Akademie der K\u00fcnste<\/td><td>&nbsp;<\/td><\/tr><tr><td>1959<\/td><td>M\u00fcnchen<\/td><td>Zu wenig bekannte M\u00fcnchner K\u00fcnstler<\/td><td>Kunstverein<\/td><\/tr><tr><td>1959<\/td><td>M\u00fcnchen<\/td><td>Evang. Kirche in Bayern<\/td><td>&nbsp;<\/td><\/tr><tr><td>1959<\/td><td>M\u00fcnchen<\/td><td>Christen begegnen sich in der kirchlichen Kunst<\/td><td>&nbsp;<\/td><\/tr><tr><td>1959<\/td><td>M\u00fcnchen<\/td><td>Gro\u00dfe Kunstausstellung<\/td><td>&nbsp;<\/td><\/tr><tr><td>1960<\/td><td>M\u00fcnchen<\/td><td>Gro\u00dfe Kunstausstellung<\/td><td>&nbsp;<\/td><\/tr><tr><td>1961<\/td><td>Schweiz, Grenchen<\/td><td>Internationale Triennale f\u00fcr farbige Original-Graphik<\/td><td>&nbsp;<\/td><\/tr><tr><td>1962<\/td><td>M\u00fcnchen<\/td><td>Gro\u00dfe Kunstausstellung<\/td><td>&nbsp;<\/td><\/tr><tr><td>1962<\/td><td>M\u00fcnchen<\/td><td>Gesellschaft der Freunde junger Kunst<\/td><td>Lenbachhaus<\/td><\/tr><tr><td>1963<\/td><td>Darmstadt<\/td><td>Zeitgen\u00f6ssische Graphik zu biblischen Themen<\/td><td>&nbsp;<\/td><\/tr><tr><td>1963<\/td><td>Bielefeld<\/td><td>Kunstsalon Fischer<\/td><td>&nbsp;<\/td><\/tr><tr><td>1964<\/td><td>Marburg<\/td><td>Hubert Distler: Grafik und Malerei<\/td><td>Institut f\u00fcr Kirchenbau<\/td><\/tr><tr><td>1964<\/td><td>Augsburg<\/td><td>Malerei und Graphik-Hubert Distler<\/td><td>Kleine Galerie<\/td><\/tr><tr><td>1964<\/td><td>Bombay<\/td><td>Kirchenbau der Gegenwart in Deutschland<\/td><td>&nbsp;<\/td><\/tr><tr><td>1965<\/td><td>M\u00fcnchen<\/td><td>Junge K\u00fcnstler der Akademie 1945 &#8211; 1965<\/td><td>Haus der Kunst<\/td><\/tr><tr><td>1966<\/td><td>Witzenhausen<\/td><td>Moderne Graphik<\/td><td> Stadtkirche<\/td><\/tr><tr><td>1966<\/td><td>M\u00fcnchen<\/td><td>Graphiken<\/td><td>Staatliche Graphische Sammlung<\/td><\/tr><tr><td>1967<\/td><td>M\u00fcnchen<\/td><td>Kunst der Graphik in und um M\u00fcnchen, Querschnitt 1966<\/td><td>Staatliche Graphische Sammlung<\/td><\/tr><tr><td>1968<\/td><td>Salzburg<\/td><td>VI. Biennale christlicher Kunst der Gegenwart<\/td><td>&nbsp;<\/td><\/tr><tr><td>1968<\/td><td>Italien, Ancona<\/td><td>Annuale Italiana d\u2019Arte Grafica<\/td><td>&nbsp;<\/td><\/tr><tr><td>1968<\/td><td>H\u00f6flingen<\/td><td>Evang. Kirchengemeinde<\/td><td>&nbsp;<\/td><\/tr><tr><td>1969<\/td><td>Pfronten<\/td><td>Hubert Distler &#8211; Graphik<\/td><td>Zentralschule<\/td><\/tr><tr><td>1969<\/td><td>M\u00fcnchen<\/td><td>Hubert Distler &#8211; Graphik<\/td><td>&nbsp;<\/td><\/tr><tr><td>1969<\/td><td>Berlin &#8211; Mitte<\/td><td>Graphik zur Passion<\/td><td>&nbsp;<\/td><\/tr><tr><td>1969<\/td><td>N\u00fcrnberg<\/td><td>Hubert Distler &#8211; Graphik<\/td><td>Egidienkirche<\/td><\/tr><tr><td>1969<\/td><td>Italien, Capri<\/td><td>I Triennale internazionale della Xilografia contemporanea<\/td><td>&nbsp;<\/td><\/tr><tr><td>1969<\/td><td>Italien, Ancona<\/td><td>3. Biennale delle Regioni<\/td><td>&nbsp;<\/td><\/tr><tr><td>1970<\/td><td>M\u00fcnchen<\/td><td>Malerei und Grafik &#8211; Alfred Darda, Hubert Distler<\/td><td>Arabellahaus<\/td><\/tr><tr><td>1970<\/td><td>M\u00fcnchen<\/td><td>Religi\u00f6se Kunst im privaten Raum<\/td><td>&nbsp;<\/td><\/tr><tr><td>1971<\/td><td>Italien, Mailand<\/td><td>1. internationale Ausstellung religi\u00f6ser Kunst im privaten Raum<\/td><td>&nbsp;<\/td><\/tr><tr><td>1972<\/td><td>M\u00fcnchen<\/td><td>DG 72 &#8211; Mitglieder stellen aus<\/td><td>&nbsp;<\/td><\/tr><tr><td>1972<\/td><td>Eichst\u00e4tt<\/td><td>&nbsp;<\/td><td>P\u00e4dagogische Hochschule<\/td><\/tr><tr><td>1973<\/td><td>M\u00fcnchen<\/td><td>DG 73<\/td><td>&nbsp;<\/td><\/tr><tr><td>1973<\/td><td>Berlin &#8211; Mitte<\/td><td>Farbgrafik von Hubert Distler<\/td><td>Marienkirche<\/td><\/tr><tr><td>1973<\/td><td>M\u00fcnchen<\/td><td>Hubert Distler<\/td><td>Patentamt<\/td><\/tr><tr><td>1974<\/td><td>M\u00fcnchen<\/td><td>Hubert Distler<\/td><td>Gemeindehaus Ev. Johanneskirche<\/td><\/tr><tr><td>1974<\/td><td>M\u00fcnchen<\/td><td>Hubert Distler &#8211; seine Arbeit<\/td><td>Ev. Bildungszentrum<\/td><\/tr><tr><td>1974<\/td><td>Augsburg<\/td><td>Stadtpfarrkirche St. Simpert<\/td><td>&nbsp;<\/td><\/tr><tr><td>1974<\/td><td>Feldkirchen bei M\u00fcnchen<\/td><td>Kunst im Pfarrhaus &#8211; Hubert Distler<\/td><td>&nbsp;<\/td><\/tr><tr><td>1975<\/td><td>Grafrath<\/td><td>Malerei Sanspareil, Hubert Distler &#8211; Malerei und Grafik<\/td><td>&nbsp;<\/td><\/tr><tr><td>1975<\/td><td>M\u00fcnchen &#8211; Unterf\u00f6hring<\/td><td>Kunstausstellung am Poschinger Weiher, Weihnachtsausstellung 1975<\/td><td>&nbsp;<\/td><\/tr><tr><td>1975<\/td><td>F\u00fcrstenfeldbruck-West<\/td><td>Hubert Distler &#8211; Kirchenmalerei und Grafik<\/td><td>Ev. Kirchengemeinde<\/td><\/tr><tr><td>1975<\/td><td>Valparaiso, Indiana, USA<\/td><td>Valparaiso University<\/td><td>&nbsp;<\/td><\/tr><tr><td>1977<\/td><td>Freising<\/td><td>Hubert Distler: Malerei und Grafik<\/td><td>Kardinal-D\u00f6pfner-Haus<\/td><\/tr><tr><td>1977<\/td><td>\u00d6sterreich, Feldkirch<\/td><td>F\u00fcnf K\u00fcnstler aus dem Bodenseeraum<\/td><td>Palais Liechtenstein<\/td><\/tr><tr><td>1977<\/td><td>M\u00fcnchen<\/td><td>Hubert Distler: Grafik und Malerei<\/td><td>&nbsp;<\/td><\/tr><tr><td>1978<\/td><td>M\u00fcnchen<\/td><td>Das K\u00fcnstler-Glasbild<\/td><td>Franz Mayer\u2019sche Hofkunstanstalt<\/td><\/tr><tr><td>1978<\/td><td>Freiburg, N\u00fcrnberg<\/td><td>\u201eKreuz\u201c<\/td><td>Wanderausstellung<\/td><\/tr><tr><td>1978<\/td><td>Feldkirchen bei M\u00fcnchen<\/td><td>Hubert Distler &#8211; Bilder aus \u00c4gypten<\/td><td>&nbsp;<\/td><\/tr><tr><td>1979<\/td><td>N\u00fcrnberg<\/td><td>Kunst aus evangelischen Kirchen in Bayern<\/td><td>St. Sebaldus-Kirche<\/td><\/tr><tr><td>1979<\/td><td>Augsburg<\/td><td>Hubert Distler<\/td><td>Galerie Rehklau<\/td><\/tr><tr><td>1979<\/td><td>M\u00fcnchen<\/td><td>M\u00fcnchner K\u00fcnstler im Rathaus<\/td><td>&nbsp;<\/td><\/tr><tr><td>1980<\/td><td>Celle<\/td><td>Hubert Distler &#8211; Christliche Kunst, Malerei und Grafik<\/td><td>Schloss<\/td><\/tr><tr><td>1980<\/td><td>M\u00fcnchen<\/td><td>Hubert Distler<\/td><td>Landeskirchenamt<\/td><\/tr><tr><td>1980<\/td><td>Berlin<\/td><td>Meditation und Vision<\/td><td>Ausstellung zum Katholikentag<\/td><\/tr><tr><td>1981<\/td><td>N\u00fcrnberg<\/td><td>Hubert Distler &#8211; Malerei und Grafik<\/td><td>Sebalduskirche<\/td><\/tr><tr><td>1981<\/td><td>Paris<\/td><td>Art Sacr\u00e9<\/td><td>Centre d\u2019Art<\/td><\/tr><tr><td>1981<\/td><td>M\u00fcnchen<\/td><td>Vision und Meditation<\/td><td>Galerie an der Finkenstra\u00dfe<\/td><\/tr><tr><td>1981<\/td><td>Gr\u00f6benzell<\/td><td>Gr\u00f6benzeller K\u00fcnstler<\/td><td>Rathaus<\/td><\/tr><tr><td>1981<\/td><td>Landsberg<\/td><td>Kunst am Bau &#8211; K\u00fcnstlerische Arbeiten mit Glas, Entw\u00fcrfe, Grafiken, Modelle<\/td><td>&nbsp;<\/td><\/tr><tr><td>1982<\/td><td>Freiburg<\/td><td>Fenster &#8211; Bilder &#8211; Glasmalerei<\/td><td>Augustinermuseum<\/td><\/tr><tr><td>1983<\/td><td>F\u00fcrstenfeldbruck<\/td><td>K\u00fcnstler des Landkreises<\/td><td>&nbsp;<\/td><\/tr><tr><td>1983<\/td><td>Augsburg<\/td><td>Ammerseer K\u00fcnstler<\/td><td>Holbeinhaus<\/td><\/tr><tr><td>1983<\/td><td>M\u00fcnchen<\/td><td>Botschaft Bild<\/td><td>Katholische Akademie Bayern<\/td><\/tr><tr><td>1983<\/td><td>M\u00fcnchen<\/td><td>Leben Tod Leben<\/td><td>Galerie an der Finkenstra\u00dfe<\/td><\/tr><tr><td>1984<\/td><td>M\u00fcnchen<\/td><td>Kunst und Architektur<\/td><td>Franz Mayer\u2019sche Hofkunstanstalt<\/td><\/tr><tr><td>1984<\/td><td>Grafrath<\/td><td>Hubert Distler &#8211; Graphiken<\/td><td>Sparkasse<\/td><\/tr><tr><td>1984<\/td><td>M\u00fcnchen<\/td><td>Passion<\/td><td>Galerie an der Finkenstra\u00dfe<\/td><\/tr><tr><td>1984<\/td><td>Scheuring<\/td><td>Glasmalerei heute<\/td><td>Glasmalerei Sattler<\/td><\/tr><tr><td>1984<\/td><td>M\u00fcnchen<\/td><td>Bild im Raum<\/td><td>Galerie an der Finkenstra\u00dfe<\/td><\/tr><tr><td>1985<\/td><td>Darmstadt<\/td><td>Farbiges Licht f\u00fcr die Architektur &#8211; Bildfenster<\/td><td>Hessisches Landesmuseum<\/td><\/tr><tr><td>1985<\/td><td>Scheuring<\/td><td>Mensch &#8211; Himmel und Erde<\/td><td>Glasmalerei Sattler<\/td><\/tr><tr><td>1985<\/td><td>Landsberg<\/td><td>Hubert Distler &#8211; Reiseskizzen<\/td><td>Galerie Huber<\/td><\/tr><tr><td>1985<\/td><td>M\u00fcnchen<\/td><td>Zeitspannung<\/td><td>Galerie der K\u00fcnstler<\/td><\/tr><tr><td>1985<\/td><td>Hannover<\/td><td>Hubert Distler &#8211; Graphiken, Malereien<\/td><td>Gustav-Adolf-Kirche<\/td><\/tr><tr><td>1986<\/td><td>M\u00fcnchen<\/td><td>Botschaft Bild &#8211; Malerei, Grafik, Skulptur, Textil<\/td><td>Galerie an der Finkenstra\u00dfe<\/td><\/tr><tr><td>1987<\/td><td>Scheuring<\/td><td>Freie Arbeiten in Glas<\/td><td>Glasmalerei Sattler<\/td><\/tr><tr><td>1987<\/td><td>Freising<\/td><td>Ein Christusbild f\u00fcr die Liturgie von heute<\/td><td>Di\u00f6zesanmuseum<\/td><\/tr><tr><td>1987<\/td><td>Geretsried<\/td><td>Hubert Distler &#8211; Reise-Impressionen<\/td><td>evangelische Petruskirche<\/td><\/tr><tr><td>1987<\/td><td>F\u00fcrstenfeldbruck<\/td><td>Tangenten<\/td><td>Landratsamt<\/td><\/tr><tr><td>1988<\/td><td>Regensburg<\/td><td>Moderne Kunst im Kirchenraum<\/td><td>Di\u00f6zesanmuseum<\/td><\/tr><tr><td>1988<\/td><td>Grafrath<\/td><td>Himmel und Erde &#8211; Gott und Mensch<\/td><td>Evangelische Michaelkirche<\/td><\/tr><tr><td>1988<\/td><td>Bonn<\/td><td>Luther und die Kunst in Bayern,<\/td><td>Bayerische Vertretung<\/td><\/tr><tr><td>1989<\/td><td>Tutzing<\/td><td>Hubert Distler<\/td><td>Evangelische Akademie<\/td><\/tr><tr><td>1989<\/td><td>M\u00fcnchen<\/td><td>Luther und die Kunst<\/td><td>Galerie im Landeskirchenamt<\/td><\/tr><tr><td>1989<\/td><td>Chartres<\/td><td>Internationale Glasfensterausstellung<\/td><td>&nbsp;<\/td><\/tr><tr><td>1990<\/td><td>Bad T\u00f6lz<\/td><td>Hubert Distler<\/td><td>Evang. Gemeindehaus<\/td><\/tr><tr><td>1990<\/td><td>M\u00fcnchen<\/td><td>Bildzeugnisse<\/td><td>Galerie an der Finkenstra\u00dfe<\/td><\/tr><tr><td>1990<\/td><td>Fribourg<\/td><td>Kunst &#8211; Werte &#8211; Wandel<\/td><td>Universit\u00e4t<\/td><\/tr><tr><td>1990<\/td><td>M\u00fcnchen<\/td><td>Hubert Distler &#8211; ein Leben f\u00fcr die Kunst<\/td><td>Galerie im Landeskirchenamt<\/td><\/tr><tr><td>1991<\/td><td>Scheuring<\/td><td>Neue Glasbilder<\/td><td>Glasmalerei Sattler<\/td><\/tr><tr><td>1992<\/td><td>M\u00fcnchen<\/td><td>Diptychon\/Triptychon<\/td><td>Galerie im Landeskirchenamt<\/td><\/tr><tr><td>1995<\/td><td>M\u00fcnchen-Ost\/Zorneding<\/td><td>\u201eIsrael\u201c, Glasbilder und Graphik<\/td><td>&nbsp;<\/td><\/tr><tr><td>1997<\/td><td>Pullach<\/td><td>Freie Graphik<\/td><td>Evangelisches Predigerseminar<\/td><\/tr><tr><td>1999<\/td><td>Grafrath<\/td><td>Hubert Distler &#8211; Sonne und Dornen<\/td><td>zum 80. Geburtstag<\/td><\/tr><tr><td>2002<\/td><td>Pfarrkirchen\/Rottal<\/td><td>Glasfenster und freie Graphik<\/td><td>&nbsp;<\/td><\/tr><\/tbody><\/table><\/figure>\n","protected":false},"excerpt":{"rendered":"<p>Jahr Ort Titel\/Adresse Galerie\/Museum 1947 Schongau Kulturwoche &nbsp; 1949 Schongau &nbsp; &nbsp; 1951 M\u00fcnchen Gro\u00dfe Kunstausstellung &nbsp; 1952 M\u00fcnchen Gro\u00dfe Kunstausstellung &nbsp; 1953 M\u00fcnchen Gro\u00dfe M\u00fcnchener Haus der Kunst 1953 M\u00fcnchen Graphiken Galerie Gurlitt 1953 Italien, Milan Exposition Internationale des Academies des Beaux Arts &nbsp; 1954 M\u00fcnchen Gro\u00dfe Kunstausstellung &nbsp; 1954 Traunstein Weihnachtsausstellung des \u201eroter &hellip; <\/p>\n<p class=\"link-more\"><a href=\"https:\/\/www.hubert-distler.de\/index.php\/ausstellungsverzeichnis\/\" class=\"more-link\"><span class=\"screen-reader-text\">\u201eAusstellungsverzeichnis\u201c<\/span> weiterlesen<\/a><\/p>\n","protected":false},"author":1,"featured_media":0,"parent":0,"menu_order":0,"comment_status":"closed","ping_status":"closed","template":"","meta":{"footnotes":""},"class_list":["post-624","page","type-page","status-publish","hentry"],"_links":{"self":[{"href":"https:\/\/www.hubert-distler.de\/index.php\/wp-json\/wp\/v2\/pages\/624","targetHints":{"allow":["GET"]}}],"collection":[{"href":"https:\/\/www.hubert-distler.de\/index.php\/wp-json\/wp\/v2\/pages"}],"about":[{"href":"https:\/\/www.hubert-distler.de\/index.php\/wp-json\/wp\/v2\/types\/page"}],"author":[{"embeddable":true,"href":"https:\/\/www.hubert-distler.de\/index.php\/wp-json\/wp\/v2\/users\/1"}],"replies":[{"embeddable":true,"href":"https:\/\/www.hubert-distler.de\/index.php\/wp-json\/wp\/v2\/comments?post=624"}],"version-history":[{"count":3,"href":"https:\/\/www.hubert-distler.de\/index.php\/wp-json\/wp\/v2\/pages\/624\/revisions"}],"predecessor-version":[{"id":831,"href":"https:\/\/www.hubert-distler.de\/index.php\/wp-json\/wp\/v2\/pages\/624\/revisions\/831"}],"wp:attachment":[{"href":"https:\/\/www.hubert-distler.de\/index.php\/wp-json\/wp\/v2\/media?parent=624"}],"curies":[{"name":"wp","href":"https:\/\/api.w.org\/{rel}","templated":true}]}}