{"id":138,"date":"2018-03-27T11:40:47","date_gmt":"2018-03-27T09:40:47","guid":{"rendered":"https:\/\/www.hubert-distler.de\/?page_id=138"},"modified":"2020-07-05T11:25:38","modified_gmt":"2020-07-05T09:25:38","slug":"home","status":"publish","type":"page","link":"https:\/\/www.hubert-distler.de\/","title":{"rendered":"Kurzinfo"},"content":{"rendered":"<p><a href=\"wp-content\/uploads\/2018\/03\/fullsizeoutput_5ea.jpeg\"><img loading=\"lazy\" decoding=\"async\" class=\"alignleft wp-image-93 size-medium\" src=\"http:\/\/test.hubertdistler.de\/wp-content\/uploads\/2018\/03\/fullsizeoutput_5ea-191x300.jpeg\" alt=\"Hubert Distler Portrait\" width=\"191\" height=\"300\" srcset=\"https:\/\/www.hubert-distler.de\/wp-content\/uploads\/2018\/03\/fullsizeoutput_5ea-191x300.jpeg 191w, https:\/\/www.hubert-distler.de\/wp-content\/uploads\/2018\/03\/fullsizeoutput_5ea-651x1024.jpeg 651w, https:\/\/www.hubert-distler.de\/wp-content\/uploads\/2018\/03\/fullsizeoutput_5ea.jpeg 704w\" sizes=\"auto, (max-width: 191px) 100vw, 191px\" \/><\/a><\/p>\n<p>Hubert Distler (*13. Juli 1919 in Lindau am Bodensee; \u2020 1. Juni 2004 in Grafrath) studierte an der Akademie der Bildenden K\u00fcnste in M\u00fcnchen bei den Professoren <a href=\"https:\/\/de.wikipedia.org\/wiki\/Franz_Klemmer\" target=\"_blank\" rel=\"noopener noreferrer\">Franz Klemmer<\/a> und <a href=\"https:\/\/de.wikipedia.org\/wiki\/Franz_Nagel\" target=\"_blank\" rel=\"noopener noreferrer\">Franz Nagel<\/a>. Unterst\u00fctzt wurde er durch ein Stipendium der <a href=\"https:\/\/de.wikipedia.org\/wiki\/Studienstiftung_des_deutschen_Volkes\">Studienstiftung des Deutschen Volkes<\/a>. Zu seinen Werken z\u00e4hlen \u00fcber 300 k\u00fcnstlerische Auftragsarbeiten wie Glasfenster, Fresken und Antependien. Zu finden sind diese haupts\u00e4chlich in Kirchen im deutschen Raum. Des Weiteren schuf er mehrere Tausend freie Arbeiten wie Skizzen, Bilder, Grafiken und Holzschnitte. Gepr\u00e4gt wurden seine Arbeiten von Kriegserlebnissen, christlichen Themen und zahlreichen Studienreisen.<\/p>\n<p>F\u00fcr sein Lebenswerk erhielt Distler im Jahr 1998 das Bundesverdienstkreuz am Bande.<\/p>\n<p>Hier geht es zur <a href=\"http:\/\/test.hubertdistler.de\/?page_id=781\">ausf\u00fchrliche Biografie<\/a>.<\/p>\n\n\n<p><\/p>\n","protected":false},"excerpt":{"rendered":"<p>Hubert Distler (*13. Juli 1919 in Lindau am Bodensee; \u2020 1. Juni 2004 in Grafrath) studierte an der Akademie der Bildenden K\u00fcnste in M\u00fcnchen bei den Professoren Franz Klemmer und Franz Nagel. Unterst\u00fctzt wurde er durch ein Stipendium der Studienstiftung des Deutschen Volkes. Zu seinen Werken z\u00e4hlen \u00fcber 300 k\u00fcnstlerische Auftragsarbeiten wie Glasfenster, Fresken und &hellip; <\/p>\n<p class=\"link-more\"><a href=\"https:\/\/www.hubert-distler.de\/\" class=\"more-link\"><span class=\"screen-reader-text\">\u201eKurzinfo\u201c<\/span> weiterlesen<\/a><\/p>\n","protected":false},"author":1,"featured_media":0,"parent":0,"menu_order":0,"comment_status":"closed","ping_status":"closed","template":"","meta":{"footnotes":""},"class_list":["post-138","page","type-page","status-publish","hentry"],"_links":{"self":[{"href":"https:\/\/www.hubert-distler.de\/index.php\/wp-json\/wp\/v2\/pages\/138","targetHints":{"allow":["GET"]}}],"collection":[{"href":"https:\/\/www.hubert-distler.de\/index.php\/wp-json\/wp\/v2\/pages"}],"about":[{"href":"https:\/\/www.hubert-distler.de\/index.php\/wp-json\/wp\/v2\/types\/page"}],"author":[{"embeddable":true,"href":"https:\/\/www.hubert-distler.de\/index.php\/wp-json\/wp\/v2\/users\/1"}],"replies":[{"embeddable":true,"href":"https:\/\/www.hubert-distler.de\/index.php\/wp-json\/wp\/v2\/comments?post=138"}],"version-history":[{"count":21,"href":"https:\/\/www.hubert-distler.de\/index.php\/wp-json\/wp\/v2\/pages\/138\/revisions"}],"predecessor-version":[{"id":801,"href":"https:\/\/www.hubert-distler.de\/index.php\/wp-json\/wp\/v2\/pages\/138\/revisions\/801"}],"wp:attachment":[{"href":"https:\/\/www.hubert-distler.de\/index.php\/wp-json\/wp\/v2\/media?parent=138"}],"curies":[{"name":"wp","href":"https:\/\/api.w.org\/{rel}","templated":true}]}}